{"id":12,"date":"2024-09-22T10:15:57","date_gmt":"2024-09-22T08:15:57","guid":{"rendered":"https:\/\/cyrilmaurette.com\/?page_id=12"},"modified":"2024-09-22T16:08:26","modified_gmt":"2024-09-22T14:08:26","slug":"qui-suis-je","status":"publish","type":"page","link":"https:\/\/cyrilmaurette.com\/index.php\/qui-suis-je\/","title":{"rendered":"Qui suis-je ?"},"content":{"rendered":"\n<div class=\"wp-block-group is-layout-constrained wp-block-group-is-layout-constrained\">\n<div class=\"wp-block-columns is-layout-flex wp-container-core-columns-is-layout-28f84493 wp-block-columns-is-layout-flex\">\n<div class=\"wp-block-column is-layout-flow wp-block-column-is-layout-flow\"><\/div>\n<\/div>\n\n\n\n<div class=\"wp-block-columns is-layout-flex wp-container-core-columns-is-layout-28f84493 wp-block-columns-is-layout-flex\">\n<div class=\"wp-block-column is-layout-flow wp-block-column-is-layout-flow\">\n<blockquote class=\"wp-block-quote is-layout-flow wp-block-quote-is-layout-flow\">\n<p><\/p>\n<\/blockquote>\n<\/div>\n\n\n\n<div class=\"wp-block-column is-layout-flow wp-block-column-is-layout-flow\"><\/div>\n<\/div>\n<\/div>\n\n\n<p>N\u00e9 en 1972 \u00e0 Paris, j&#8217;ai commenc\u00e9 \u00e0 peindre \u00e0 l&#8217;huile \u00e0 13 ans &#8230; Une r\u00e9v\u00e9lation&#8230;<\/p>\n<p>A cette \u00e9poque, apr\u00e8s quelques ann\u00e9es un enseignement de l\u2019huile par la copie, j\u2019ai commenc\u00e9 \u00e0 peindre, pour mon plaisir personnel, des \u0153uvres originales.<\/p>\n<p>A la fin de mes \u00e9tudes d\u2019ing\u00e9nieur, j\u2019ai senti le besoin de poursuivre, en le diversifiant, mon parcours de formation artistique\u00a0notamment Photo (Photo Club du Val de Bi\u00e8ve) et \u00a0Dessin d&#8217;apr\u00e8s Mod\u00e8le vivant (Ateliers de la ville de Paris et \u00a0Ateliers des Beaux Art Paris&#8230;) \u2026<\/p>\n<p>C&#8217;est en 2000, \u00e0 28 ans, que j&#8217;ai d\u00e9cid\u00e9 de reprendre s\u00e9rieusement la peinture \u00e0 l\u2019huile, technique qui m\u2019avait apport\u00e9 le plus de bonheur et qui finalement me correspondait le mieux.<\/p>\n<p>J\u2019ai \u00e9t\u00e9 \u00e9paul\u00e9 par Denis G\u00e9rablie,\u00a0 peintre de talent (Galerie Babel, Paris 6\u00e8me) \u00e0 chacune des \u00e9tapes : copies d&#8217;\u0153uvres de ma\u00eetres, peintures d&#8217;apr\u00e8s photos, d\u00e9veloppement d&#8217;un style plus personnel.<\/p>\n<p>J&#8217;ai depuis diversifi\u00e9 mon enseignement en suivant des nombreux stages de portraits avec des peintres de l&#8217;\u00e9cole d&#8217;\u00e9tampe et avec Anne Karin Court-Payen (Atelier Saint Rapha\u00ebl, Paris 11\u00e8me)<\/p>\n<p>Depuis 2014, je pratique \u00e9galement r\u00e9guli\u00e8rement la peinture de paysage en plein air :<\/p>\n<ul>\n<li><em>Concours et festivals internationaux de peinture en plein air grand format organis\u00e9s par Anna Filimonova : 9 participations entre 2014 et 2024<\/em><\/li>\n<li><em>Peindre au Vast (-sur-Mer) : 2 participations (premier prix en 2014, 2015) <\/em><\/li>\n<li><em>F\u00eate de la peinture dans l\u2019Essonne : 2 premiers prix huile en 2016, 1 premier prix acrylique en 2017<\/em><\/li>\n<li><em>Festival de Magn\u00e9 en 2019 et 2021<\/em><\/li>\n<li><em>Septembre 2024\u00a0: Week-end de peinture en plein air \u00e0 Veules les Roses pour c\u00e9l\u00e9brer le 180<sup>\u00e8me<\/sup> anniversaire de Vassily Polenov <\/em><\/li>\n<li><em>Membre actif de la plate-forme <\/em><a href=\"https:\/\/frenchpleinairpainters.com\"><em>https:\/\/frenchpleinairpainters.com<\/em><\/a><em> depuis son lancement<\/em><\/li>\n<\/ul>\n<p><em>\u00a0<\/em><\/p>\n<p>J\u2019ai \u00e9t\u00e9 invit\u00e9 en Septembre 2017 par l\u2019association nationale Russe \u201cLa renaissance des jardins et des parcs historiques\u201d au Domaine de Maryino pr\u00e8s de St Petersburg, pour peindre en plein air le domaine. Les \u0153uvres ont \u00e9t\u00e9 expos\u00e9es, avec celles des autres peintres participant \u00e0 l\u2019initiative, lors d\u2019une exposition en Russie et en France sur la p\u00e9riode 2018 &#8211; 2019<\/p>\n<p>Un chemin qui ne fait que commencer&#8230;<\/p>\n<p>Portraits et paysages sont mes th\u00e8mes de pr\u00e9dilection.\u00a0<br \/>Je suis particuli\u00e8rement inspir\u00e9 par les th\u00e8mes suivants :<\/p>\n<ul>\n<li><em>l&#8217;homme et son besoin de nature<\/em><\/li>\n<li><em>l&#8217;\u00e9l\u00e9ment aquatique et les reflets<\/em><\/li>\n<li><em>arbres et for\u00eats<\/em><\/li>\n<li><em>l\u2019inspiration des grands peintres<\/em><\/li>\n<\/ul>\n<p>Mes techniques principales sont la peinture \u00e0 l\u2019huile et l\u2019acrylique.<\/p>\n<p>Mon approche est essentiellement guid\u00e9e par une esth\u00e9tique coloriste. Depuis quelques temps, des touches abstraites viennent soutenir et enrichir ma d\u00e9marche\u00a0figurative.<\/p>\n<p><strong><u>Expositions personnelles &amp; participations:<\/u><\/strong><\/p>\n<p>&#8211; Avril 2014 et\u00a0 Octobre 2017 : Galerie Babel \u2013 Paris 6eme<\/p>\n<p>&#8211; Avril 2015 et Avril 2019 : Galerie 43 \u2013 Paris 13eme<\/p>\n<p>&#8211; Aout 2017 &amp; 2018 : Exposition d\u2019une boite aux lettres d\u00e9cor\u00e9e pour les 40eme et 41eme anniversaires du festival Jazz In Marciac<\/p>\n<p>&#8211; 2018\/2019 \u2013 Exposition itin\u00e9rante en Russie et en France, faisant suite au projet\u00a0 \u00ab\u00a0Plein air. Paysages historiques de Russie\u00a0\u00bb organis\u00e9 par l\u2019Association nationale Russe \u201cLa renaissance des jardins et des parcs historiques<em>\u201d\u00a0 (Palace Yelagin \u00e0 Saint-Petersburg, Domaine Maryino pr\u00e8s de Saint-Petersburg, Zarskoye Selo pr\u00e8s de Saint-Petersburg, Yasnaya Polana pr\u00e8s de Tula, Palace de Oldenburgski pr\u00e8s de Voronezh, Kremlin de Rostov, Gorki Leninskie pr\u00e8s de Moscou, Manoir de Courboyer Perche-en-Noc\u00e9, <\/em><em>Centre Culturel et Spirituel Orthodoxe Russe \u00e0 Paris, Ch\u00e2teau d\u2019Ainay Le Vieil dans le Cher<\/em><em>)<\/em><\/p>\n<p><strong><u>Articles <\/u><\/strong><\/p>\n<p>&#8211; Pratique des Arts Sp\u00e9cial Huile n\u00b05\u00a0 &#8211; Suppl\u00e9ment de Pratique des Art n\u00b0138 31 janvier \/ 28 Mars 2018\u00a0<\/p>\n\n\n<div class=\"wp-block-group is-layout-constrained wp-block-group-is-layout-constrained\">\n<div data-wp-interactive=\"core\/file\" class=\"wp-block-file\"><object data-wp-bind--hidden=\"!state.hasPdfPreview\" hidden class=\"wp-block-file__embed\" data=\"https:\/\/cyrilmaurette.com\/wp-content\/uploads\/2024\/09\/Article-PDA-C.Maurette-03-18.pdf\" type=\"application\/pdf\" style=\"width:100%;height:600px\" aria-label=\"Embed of Article PDA C.Maurette 03-18.\"><\/object><a id=\"wp-block-file--media-eb922a40-c9f3-4289-9e04-7a504f724497\" href=\"https:\/\/cyrilmaurette.com\/wp-content\/uploads\/2024\/09\/Article-PDA-C.Maurette-03-18.pdf\">Article PDA C.Maurette 03-18<\/a><a href=\"https:\/\/cyrilmaurette.com\/wp-content\/uploads\/2024\/09\/Article-PDA-C.Maurette-03-18.pdf\" class=\"wp-block-file__button wp-element-button\" download aria-describedby=\"wp-block-file--media-eb922a40-c9f3-4289-9e04-7a504f724497\">T\u00e9l\u00e9charger<\/a><\/div>\n<\/div>\n","protected":false},"excerpt":{"rendered":"<p>N\u00e9 en 1972 \u00e0 Paris, j&#8217;ai commenc\u00e9 \u00e0 peindre \u00e0 l&#8217;huile \u00e0 13 ans &#8230; Une r\u00e9v\u00e9lation&#8230; A cette \u00e9poque, apr\u00e8s quelques ann\u00e9es un enseignement de l\u2019huile par la copie, j\u2019ai commenc\u00e9 \u00e0 peindre, pour mon plaisir personnel, des \u0153uvres originales. A la fin de mes \u00e9tudes d\u2019ing\u00e9nieur, j\u2019ai senti le besoin de poursuivre, en [&hellip;]<\/p>\n","protected":false},"author":1,"featured_media":13,"parent":0,"menu_order":0,"comment_status":"closed","ping_status":"closed","template":"","meta":{"footnotes":""},"class_list":["post-12","page","type-page","status-publish","has-post-thumbnail","hentry"],"_links":{"self":[{"href":"https:\/\/cyrilmaurette.com\/index.php\/wp-json\/wp\/v2\/pages\/12","targetHints":{"allow":["GET"]}}],"collection":[{"href":"https:\/\/cyrilmaurette.com\/index.php\/wp-json\/wp\/v2\/pages"}],"about":[{"href":"https:\/\/cyrilmaurette.com\/index.php\/wp-json\/wp\/v2\/types\/page"}],"author":[{"embeddable":true,"href":"https:\/\/cyrilmaurette.com\/index.php\/wp-json\/wp\/v2\/users\/1"}],"replies":[{"embeddable":true,"href":"https:\/\/cyrilmaurette.com\/index.php\/wp-json\/wp\/v2\/comments?post=12"}],"version-history":[{"count":10,"href":"https:\/\/cyrilmaurette.com\/index.php\/wp-json\/wp\/v2\/pages\/12\/revisions"}],"predecessor-version":[{"id":64,"href":"https:\/\/cyrilmaurette.com\/index.php\/wp-json\/wp\/v2\/pages\/12\/revisions\/64"}],"wp:featuredmedia":[{"embeddable":true,"href":"https:\/\/cyrilmaurette.com\/index.php\/wp-json\/wp\/v2\/media\/13"}],"wp:attachment":[{"href":"https:\/\/cyrilmaurette.com\/index.php\/wp-json\/wp\/v2\/media?parent=12"}],"curies":[{"name":"wp","href":"https:\/\/api.w.org\/{rel}","templated":true}]}}